{"id":441,"date":"2023-03-28T15:22:35","date_gmt":"2023-03-28T13:22:35","guid":{"rendered":"https:\/\/hotelflanelles.marquedigitale.ovh\/?page_id=441"},"modified":"2025-04-17T10:13:29","modified_gmt":"2025-04-17T08:13:29","slug":"blog","status":"publish","type":"page","link":"https:\/\/hotelflanelles.fr\/es\/blog\/","title":{"rendered":"Blog"},"content":{"rendered":"<div data-elementor-type=\"wp-page\" data-elementor-id=\"441\" class=\"elementor elementor-441\" data-elementor-post-type=\"page\">\n\t\t\t\t<div data-dce-background-image-url=\"https:\/\/hotelflanelles.fr\/wp-content\/uploads\/2023\/03\/salon-petit-dejeuner-_-hotel-flanelles-2.jpeg\" class=\"elementor-element elementor-element-d1ab843 e-flex e-con-boxed e-con e-parent\" data-id=\"d1ab843\" data-element_type=\"container\" data-e-type=\"container\" data-settings=\"{&quot;background_background&quot;:&quot;classic&quot;,&quot;jet_parallax_layout_list&quot;:[]}\">\n\t\t\t\t\t<div class=\"e-con-inner\">\n\t\t<div class=\"elementor-element elementor-element-78e1c21 e-con-full e-flex e-con e-parent\" data-id=\"78e1c21\" data-element_type=\"container\" data-e-type=\"container\" data-settings=\"{&quot;jet_parallax_layout_list&quot;:[]}\">\n\t\t\t\t<div class=\"elementor-element elementor-element-575ff3c elementor-widget elementor-widget-heading\" data-id=\"575ff3c\" data-element_type=\"widget\" data-e-type=\"widget\" data-widget_type=\"heading.default\">\n\t\t\t\t<div class=\"elementor-widget-container\">\n\t\t\t\t\t<p class=\"elementor-heading-title elementor-size-default\">Le blog<\/p>\t\t\t\t<\/div>\n\t\t\t\t<\/div>\n\t\t\t\t<div class=\"elementor-element elementor-element-a137292 elementor-widget elementor-widget-heading\" data-id=\"a137292\" data-element_type=\"widget\" data-e-type=\"widget\" data-widget_type=\"heading.default\">\n\t\t\t\t<div class=\"elementor-widget-container\">\n\t\t\t\t\t<h1 class=\"elementor-heading-title elementor-size-default\">Descubre el distrito 10 de Par\u00eds<\/h1>\t\t\t\t<\/div>\n\t\t\t\t<\/div>\n\t\t\t\t<\/div>\n\t\t\t\t\t<\/div>\n\t\t\t\t<\/div>\n\t\t<div class=\"elementor-element elementor-element-5bf51d1 e-flex e-con-boxed e-con e-parent\" data-id=\"5bf51d1\" data-element_type=\"container\" data-e-type=\"container\" data-settings=\"{&quot;jet_parallax_layout_list&quot;:[]}\">\n\t\t\t\t\t<div class=\"e-con-inner\">\n\t\t<div class=\"elementor-element elementor-element-782165b e-con-full e-flex e-con e-parent\" data-id=\"782165b\" data-element_type=\"container\" data-e-type=\"container\" data-settings=\"{&quot;jet_parallax_layout_list&quot;:[]}\">\n\t\t\t\t<div class=\"elementor-element elementor-element-b86c132 elementor-widget elementor-widget-heading\" data-id=\"b86c132\" data-element_type=\"widget\" data-e-type=\"widget\" data-widget_type=\"heading.default\">\n\t\t\t\t<div class=\"elementor-widget-container\">\n\t\t\t\t\t<p class=\"elementor-heading-title elementor-size-default\">Une v\u00e9ritable invitation \u00e0 la d\u00e9couverte<\/p>\t\t\t\t<\/div>\n\t\t\t\t<\/div>\n\t\t\t\t<div class=\"elementor-element elementor-element-8bf0a57 elementor-widget elementor-widget-text-editor\" data-id=\"8bf0a57\" data-element_type=\"widget\" data-e-type=\"widget\" data-widget_type=\"text-editor.default\">\n\t\t\t\t<div class=\"elementor-widget-container\">\n\t\t\t\t\t\t\t\t\tSitu\u00e9 dans le 10\u00e8me arrondissement de Paris, la visite de ce quartier est une exp\u00e9rience \u00e0 part enti\u00e8re. Fl\u00e2ner le long du Canal Saint-Martin ou d\u00e9couvrir les passages couverts cach\u00e9s est un vrai plaisir. Et pourquoi ne pas s&rsquo;arr\u00eater \u00e0 l&rsquo;h\u00f4tel Flanelles pour une pause bien m\u00e9rit\u00e9e ? Dans ce bel immeuble 1900, les chambres \u00e9l\u00e9gantes et confortables invitent \u00e0 la d\u00e9tente. Les espaces communs, avec leur design urbain, sont une v\u00e9ritable invitation \u00e0 la d\u00e9couverte. Enfin, le bistrot du rez-de-chauss\u00e9e offre une cuisine l\u00e9g\u00e8re et gourmande \u00e0 partager dans une ambiance cosy-chic.\n\n\n\n\n\n\t\t\t\t\t\t\t\t<\/div>\n\t\t\t\t<\/div>\n\t\t\t\t<\/div>\n\t\t\t\t\t<\/div>\n\t\t\t\t<\/div>\n\t\t<div class=\"elementor-element elementor-element-dd292bb e-con-full e-flex e-con e-parent\" data-id=\"dd292bb\" data-element_type=\"container\" data-e-type=\"container\" data-settings=\"{&quot;jet_parallax_layout_list&quot;:[]}\">\n\t\t<div class=\"elementor-element elementor-element-1c8a316 e-con-full e-flex e-con e-parent\" data-id=\"1c8a316\" data-element_type=\"container\" data-e-type=\"container\" data-settings=\"{&quot;jet_parallax_layout_list&quot;:[]}\">\n\t\t\t\t<div class=\"elementor-element elementor-element-1415a29 dce-posts-layout-template dce-col-3 dce-col-tablet-2 dce-col-mobile-1 elementor-widget elementor-widget-dce-dynamicposts-v2\" data-id=\"1415a29\" data-element_type=\"widget\" data-e-type=\"widget\" data-settings=\"{&quot;style_items&quot;:&quot;template&quot;,&quot;grid_grid_type&quot;:&quot;flex&quot;}\" data-widget_type=\"dce-dynamicposts-v2.grid\">\n\t\t\t\t<div class=\"elementor-widget-container\">\n\t\t\t\t\t\t\t<div class=\"dce-posts-container dce-posts\">\n\t\t\t<div class=\"dce-posts-fallback\">\n\t\t\t\t<p>No results found.<\/p>\t\t\t<\/div>\n\t\t<\/div>\n\t\t\t\t\t\t<\/div>\n\t\t\t\t<\/div>\n\t\t\t\t<\/div>\n\t\t\t\t<\/div>\n\t\t\t\t<\/div>","protected":false},"excerpt":{"rendered":"<p>Le blog D\u00e9couvrir paris 10eme Une v\u00e9ritable invitation \u00e0 la d\u00e9couverte Situ\u00e9 dans le 10\u00e8me arrondissement de Paris, la visite de ce quartier est une exp\u00e9rience \u00e0 part enti\u00e8re. Fl\u00e2ner le long du Canal Saint-Martin ou d\u00e9couvrir les passages couverts cach\u00e9s est un vrai plaisir. Et pourquoi ne pas s&rsquo;arr\u00eater \u00e0 l&rsquo;h\u00f4tel Flanelles pour une [&hellip;]<\/p>\n","protected":false},"author":1,"featured_media":0,"parent":0,"menu_order":0,"comment_status":"closed","ping_status":"closed","template":"","meta":{"_acf_changed":false,"footnotes":""},"class_list":["post-441","page","type-page","status-publish","hentry"],"acf":[],"yoast_head":"<!-- This site is optimized with the Yoast SEO plugin v27.5 - https:\/\/yoast.com\/product\/yoast-seo-wordpress\/ -->\n<title>Blog | H\u00f4tel Flanelles Paris | H\u00f4tel Paris 10\u00e8me<\/title>\n<meta name=\"description\" content=\"Blog | D\u00e9couvrez les derni\u00e8res actualit\u00e9s de l&#039;h\u00f4tel Flanelles - H\u00f4tel Restaurant et Bar dans le 10\u00e8me \u00e0 Paris, vers la gare du Nord - 75010\" \/>\n<meta name=\"robots\" content=\"index, follow, max-snippet:-1, max-image-preview:large, max-video-preview:-1\" \/>\n<link rel=\"canonical\" href=\"https:\/\/hotelflanelles.fr\/es\/blog\/\" \/>\n<meta property=\"og:locale\" content=\"es_ES\" \/>\n<meta property=\"og:type\" content=\"article\" \/>\n<meta property=\"og:title\" content=\"Blog | H\u00f4tel Flanelles Paris | H\u00f4tel Paris 10\u00e8me\" \/>\n<meta property=\"og:description\" content=\"Blog | D\u00e9couvrez les derni\u00e8res actualit\u00e9s de l&#039;h\u00f4tel Flanelles - H\u00f4tel Restaurant et Bar dans le 10\u00e8me \u00e0 Paris, vers la gare du Nord - 75010\" \/>\n<meta property=\"og:url\" content=\"https:\/\/hotelflanelles.fr\/es\/blog\/\" \/>\n<meta property=\"og:site_name\" content=\"H\u00f4tel Flanelles\" \/>\n<meta property=\"article:modified_time\" content=\"2025-04-17T08:13:29+00:00\" \/>\n<meta name=\"twitter:card\" content=\"summary_large_image\" \/>\n<meta name=\"twitter:label1\" content=\"Tiempo de lectura\" \/>\n\t<meta name=\"twitter:data1\" content=\"1 minuto\" \/>\n<script type=\"application\/ld+json\" class=\"yoast-schema-graph\">{\"@context\":\"https:\\\/\\\/schema.org\",\"@graph\":[{\"@type\":\"WebPage\",\"@id\":\"https:\\\/\\\/hotelflanelles.fr\\\/blog\\\/\",\"url\":\"https:\\\/\\\/hotelflanelles.fr\\\/blog\\\/\",\"name\":\"Blog | H\u00f4tel Flanelles Paris | H\u00f4tel Paris 10\u00e8me\",\"isPartOf\":{\"@id\":\"https:\\\/\\\/hotelflanelles.fr\\\/#website\"},\"datePublished\":\"2023-03-28T13:22:35+00:00\",\"dateModified\":\"2025-04-17T08:13:29+00:00\",\"description\":\"Blog | D\u00e9couvrez les derni\u00e8res actualit\u00e9s de l'h\u00f4tel Flanelles - H\u00f4tel Restaurant et Bar dans le 10\u00e8me \u00e0 Paris, vers la gare du Nord - 75010\",\"breadcrumb\":{\"@id\":\"https:\\\/\\\/hotelflanelles.fr\\\/blog\\\/#breadcrumb\"},\"inLanguage\":\"es\",\"potentialAction\":[{\"@type\":\"ReadAction\",\"target\":[\"https:\\\/\\\/hotelflanelles.fr\\\/blog\\\/\"]}]},{\"@type\":\"BreadcrumbList\",\"@id\":\"https:\\\/\\\/hotelflanelles.fr\\\/blog\\\/#breadcrumb\",\"itemListElement\":[{\"@type\":\"ListItem\",\"position\":1,\"name\":\"Accueil\",\"item\":\"https:\\\/\\\/hotelflanelles.fr\\\/\"},{\"@type\":\"ListItem\",\"position\":2,\"name\":\"Blog\"}]},{\"@type\":\"WebSite\",\"@id\":\"https:\\\/\\\/hotelflanelles.fr\\\/#website\",\"url\":\"https:\\\/\\\/hotelflanelles.fr\\\/\",\"name\":\"H\u00f4tel Flanelles\",\"description\":\"Ici les fl\u00e2neries sont \u00e0 demeure\",\"potentialAction\":[{\"@type\":\"SearchAction\",\"target\":{\"@type\":\"EntryPoint\",\"urlTemplate\":\"https:\\\/\\\/hotelflanelles.fr\\\/?s={search_term_string}\"},\"query-input\":{\"@type\":\"PropertyValueSpecification\",\"valueRequired\":true,\"valueName\":\"search_term_string\"}}],\"inLanguage\":\"es\"}]}<\/script>\n<!-- \/ Yoast SEO plugin. -->","yoast_head_json":{"title":"Blog | H\u00f4tel Flanelles Par\u00eds | Hotel en el Distrito 10 de Par\u00eds","description":"Blog | Descubra las \u00faltimas noticias del H\u00f4tel Flanelles - Hotel, Restaurante y Bar en el Distrito 10 de Par\u00eds, cerca de la Gare du Nord","robots":{"index":"index","follow":"follow","max-snippet":"max-snippet:-1","max-image-preview":"max-image-preview:large","max-video-preview":"max-video-preview:-1"},"canonical":"https:\/\/hotelflanelles.fr\/es\/blog\/","og_locale":"es_ES","og_type":"article","og_title":"Blog | H\u00f4tel Flanelles Paris | H\u00f4tel Paris 10\u00e8me","og_description":"Blog | D\u00e9couvrez les derni\u00e8res actualit\u00e9s de l'h\u00f4tel Flanelles - H\u00f4tel Restaurant et Bar dans le 10\u00e8me \u00e0 Paris, vers la gare du Nord - 75010","og_url":"https:\/\/hotelflanelles.fr\/es\/blog\/","og_site_name":"H\u00f4tel Flanelles","article_modified_time":"2025-04-17T08:13:29+00:00","twitter_card":"summary_large_image","twitter_misc":{"Tiempo de lectura":"1 minuto"},"schema":{"@context":"https:\/\/schema.org","@graph":[{"@type":"WebPage","@id":"https:\/\/hotelflanelles.fr\/blog\/","url":"https:\/\/hotelflanelles.fr\/blog\/","name":"Blog | H\u00f4tel Flanelles Par\u00eds | Hotel en el Distrito 10 de Par\u00eds","isPartOf":{"@id":"https:\/\/hotelflanelles.fr\/#website"},"datePublished":"2023-03-28T13:22:35+00:00","dateModified":"2025-04-17T08:13:29+00:00","description":"Blog | Descubra las \u00faltimas noticias del H\u00f4tel Flanelles - Hotel, Restaurante y Bar en el Distrito 10 de Par\u00eds, cerca de la Gare du Nord","breadcrumb":{"@id":"https:\/\/hotelflanelles.fr\/blog\/#breadcrumb"},"inLanguage":"es","potentialAction":[{"@type":"ReadAction","target":["https:\/\/hotelflanelles.fr\/blog\/"]}]},{"@type":"BreadcrumbList","@id":"https:\/\/hotelflanelles.fr\/blog\/#breadcrumb","itemListElement":[{"@type":"ListItem","position":1,"name":"Accueil","item":"https:\/\/hotelflanelles.fr\/"},{"@type":"ListItem","position":2,"name":"Blog"}]},{"@type":"WebSite","@id":"https:\/\/hotelflanelles.fr\/#website","url":"https:\/\/hotelflanelles.fr\/","name":"H\u00f4tel Flanelles","description":"Ici les fl\u00e2neries sont \u00e0 demeure","potentialAction":[{"@type":"SearchAction","target":{"@type":"EntryPoint","urlTemplate":"https:\/\/hotelflanelles.fr\/?s={search_term_string}"},"query-input":{"@type":"PropertyValueSpecification","valueRequired":true,"valueName":"search_term_string"}}],"inLanguage":"es"}]}},"_links":{"self":[{"href":"https:\/\/hotelflanelles.fr\/es\/wp-json\/wp\/v2\/pages\/441","targetHints":{"allow":["GET"]}}],"collection":[{"href":"https:\/\/hotelflanelles.fr\/es\/wp-json\/wp\/v2\/pages"}],"about":[{"href":"https:\/\/hotelflanelles.fr\/es\/wp-json\/wp\/v2\/types\/page"}],"author":[{"embeddable":true,"href":"https:\/\/hotelflanelles.fr\/es\/wp-json\/wp\/v2\/users\/1"}],"replies":[{"embeddable":true,"href":"https:\/\/hotelflanelles.fr\/es\/wp-json\/wp\/v2\/comments?post=441"}],"version-history":[{"count":47,"href":"https:\/\/hotelflanelles.fr\/es\/wp-json\/wp\/v2\/pages\/441\/revisions"}],"predecessor-version":[{"id":1056,"href":"https:\/\/hotelflanelles.fr\/es\/wp-json\/wp\/v2\/pages\/441\/revisions\/1056"}],"wp:attachment":[{"href":"https:\/\/hotelflanelles.fr\/es\/wp-json\/wp\/v2\/media?parent=441"}],"curies":[{"name":"wp","href":"https:\/\/api.w.org\/{rel}","templated":true}]}}