{"id":2284,"date":"2024-05-07T12:03:46","date_gmt":"2024-05-07T10:03:46","guid":{"rendered":"https:\/\/hotelflanelles.fr\/?page_id=2284"},"modified":"2025-04-17T11:58:29","modified_gmt":"2025-04-17T09:58:29","slug":"politique-rse","status":"publish","type":"page","link":"https:\/\/hotelflanelles.fr\/es\/politique-rse\/","title":{"rendered":"Pol\u00edtica de RSE"},"content":{"rendered":"\t\t<div data-elementor-type=\"wp-page\" data-elementor-id=\"2284\" class=\"elementor elementor-2284\" data-elementor-post-type=\"page\">\n\t\t\t\t<div data-dce-background-image-url=\"https:\/\/hotelflanelles.fr\/wp-content\/uploads\/2023\/03\/Chambres-Superieures_1.-jpeg.jpeg\" class=\"elementor-element elementor-element-d1ab843 e-flex e-con-boxed e-con e-parent\" data-id=\"d1ab843\" data-element_type=\"container\" data-e-type=\"container\" data-settings=\"{&quot;background_background&quot;:&quot;classic&quot;,&quot;jet_parallax_layout_list&quot;:[]}\">\n\t\t\t\t\t<div class=\"e-con-inner\">\n\t\t<div class=\"elementor-element elementor-element-78e1c21 e-con-full e-flex e-con e-child\" data-id=\"78e1c21\" data-element_type=\"container\" data-e-type=\"container\" data-settings=\"{&quot;jet_parallax_layout_list&quot;:[]}\">\n\t\t\t\t<div class=\"elementor-element elementor-element-575ff3c elementor-widget elementor-widget-heading\" data-id=\"575ff3c\" data-element_type=\"widget\" data-e-type=\"widget\" data-widget_type=\"heading.default\">\n\t\t\t\t<div class=\"elementor-widget-container\">\n\t\t\t\t\t<p class=\"elementor-heading-title elementor-size-default\">Politique RSE<\/p>\t\t\t\t<\/div>\n\t\t\t\t<\/div>\n\t\t\t\t<div class=\"elementor-element elementor-element-0e9e1a5 elementor-widget elementor-widget-heading\" data-id=\"0e9e1a5\" data-element_type=\"widget\" data-e-type=\"widget\" data-widget_type=\"heading.default\">\n\t\t\t\t<div class=\"elementor-widget-container\">\n\t\t\t\t\t<h1 class=\"elementor-heading-title elementor-size-default\">H\u00f4tel vers la Gare du Nord Paris <\/h1>\t\t\t\t<\/div>\n\t\t\t\t<\/div>\n\t\t\t\t<\/div>\n\t\t\t\t\t<\/div>\n\t\t\t\t<\/div>\n\t\t<div class=\"elementor-element elementor-element-eb124ae e-flex e-con-boxed e-con e-parent\" data-id=\"eb124ae\" data-element_type=\"container\" data-e-type=\"container\" data-settings=\"{&quot;jet_parallax_layout_list&quot;:[]}\">\n\t\t\t\t\t<div class=\"e-con-inner\">\n\t\t<div class=\"elementor-element elementor-element-89cab70 e-con-full e-flex e-con e-child\" data-id=\"89cab70\" data-element_type=\"container\" data-e-type=\"container\" data-settings=\"{&quot;jet_parallax_layout_list&quot;:[]}\">\n\t\t\t\t<div class=\"elementor-element elementor-element-af574f9 elementor-widget elementor-widget-heading\" data-id=\"af574f9\" data-element_type=\"widget\" data-e-type=\"widget\" data-widget_type=\"heading.default\">\n\t\t\t\t<div class=\"elementor-widget-container\">\n\t\t\t\t\t<h2 class=\"elementor-heading-title elementor-size-default\">L'h\u00f4tel Flanelles Paris Gare du Nord<\/h2>\t\t\t\t<\/div>\n\t\t\t\t<\/div>\n\t\t\t\t<div class=\"elementor-element elementor-element-647c1ee elementor-widget elementor-widget-heading\" data-id=\"647c1ee\" data-element_type=\"widget\" data-e-type=\"widget\" data-widget_type=\"heading.default\">\n\t\t\t\t<div class=\"elementor-widget-container\">\n\t\t\t\t\t<p class=\"elementor-heading-title elementor-size-default\">Nos engagements <\/p>\t\t\t\t<\/div>\n\t\t\t\t<\/div>\n\t\t\t\t<div class=\"elementor-element elementor-element-affc605 elementor-widget elementor-widget-text-editor\" data-id=\"affc605\" data-element_type=\"widget\" data-e-type=\"widget\" data-widget_type=\"text-editor.default\">\n\t\t\t\t<div class=\"elementor-widget-container\">\n\t\t\t\t\t\t\t\t\t<p>\u00c0 l&rsquo;H\u00f4tel Flanelles, nous sommes engag\u00e9s dans une d\u00e9marche d&rsquo;am\u00e9lioration continue de notre responsabilit\u00e9 sociale et environnementale (RSE). Cette d\u00e9marche repose sur des valeurs concr\u00e8tes, et humaines, qui sont au c\u0153ur de notre identit\u00e9.<\/p><p>Nous nous sommes fix\u00e9 comme objectif d&rsquo;obtenir la certification Cl\u00e9 Verte d&rsquo;ici 2027, une d\u00e9marche symbolisant notre engagement envers la durabilit\u00e9 environnementale et le bien-\u00eatre de nos h\u00f4tes.\u00a0<\/p>\t\t\t\t\t\t\t\t<\/div>\n\t\t\t\t<\/div>\n\t\t\t\t<div class=\"elementor-element elementor-element-8231c09 bouton elementor-widget elementor-widget-button\" data-id=\"8231c09\" data-element_type=\"widget\" data-e-type=\"widget\" data-widget_type=\"button.default\">\n\t\t\t\t<div class=\"elementor-widget-container\">\n\t\t\t\t\t\t\t\t\t<div class=\"elementor-button-wrapper\">\n\t\t\t\t\t<a class=\"elementor-button elementor-button-link elementor-size-sm\" href=\"https:\/\/app.mews.com\/distributor\/89aaa563-2e1b-44f7-ab49-aff9007a0028\">\n\t\t\t\t\t\t<span class=\"elementor-button-content-wrapper\">\n\t\t\t\t\t\t\t\t\t<span class=\"elementor-button-text\">R\u00e9server une chambre<\/span>\n\t\t\t\t\t<\/span>\n\t\t\t\t\t<\/a>\n\t\t\t\t<\/div>\n\t\t\t\t\t\t\t\t<\/div>\n\t\t\t\t<\/div>\n\t\t\t\t<\/div>\n\t\t<div class=\"elementor-element elementor-element-207ce01 e-con-full e-flex e-con e-child\" data-id=\"207ce01\" data-element_type=\"container\" data-e-type=\"container\" data-settings=\"{&quot;jet_parallax_layout_list&quot;:[]}\">\n\t\t\t\t<div class=\"elementor-element elementor-element-9442ac3 elementor-widget elementor-widget-image\" data-id=\"9442ac3\" data-element_type=\"widget\" data-e-type=\"widget\" data-settings=\"{&quot;motion_fx_motion_fx_scrolling&quot;:&quot;yes&quot;,&quot;motion_fx_devices&quot;:[&quot;desktop&quot;,&quot;tablet&quot;],&quot;enabled_reveal&quot;:&quot;yes&quot;,&quot;reveal_direction&quot;:&quot;lr&quot;,&quot;reveal_speed&quot;:{&quot;unit&quot;:&quot;px&quot;,&quot;size&quot;:7,&quot;sizes&quot;:[]},&quot;reveal_bgcolor&quot;:&quot;#797F77&quot;,&quot;reveal_delay&quot;:{&quot;unit&quot;:&quot;s&quot;,&quot;size&quot;:0,&quot;sizes&quot;:[]}}\" data-widget_type=\"image.default\">\n\t\t\t\t<div class=\"elementor-widget-container\">\n\t\t\t\t\t<div id=\"reveal-9442ac3\" class=\"revealFx\">\t\t\t\t\t\t\t\t\t\t<img fetchpriority=\"high\" decoding=\"async\" width=\"683\" height=\"1024\" src=\"https:\/\/hotelflanelles.fr\/wp-content\/uploads\/2024\/05\/vertical-shot-river-background-fir-trees-mountains-683x1024.jpg\" class=\"attachment-large size-large wp-image-2367\" alt=\"R\u00e9server un h\u00f4tel proche de la Gare du Nord Paris\" srcset=\"https:\/\/hotelflanelles.fr\/wp-content\/uploads\/2024\/05\/vertical-shot-river-background-fir-trees-mountains-683x1024.jpg 683w, https:\/\/hotelflanelles.fr\/wp-content\/uploads\/2024\/05\/vertical-shot-river-background-fir-trees-mountains-200x300.jpg 200w, https:\/\/hotelflanelles.fr\/wp-content\/uploads\/2024\/05\/vertical-shot-river-background-fir-trees-mountains-768x1152.jpg 768w, https:\/\/hotelflanelles.fr\/wp-content\/uploads\/2024\/05\/vertical-shot-river-background-fir-trees-mountains-1024x1536.jpg 1024w, https:\/\/hotelflanelles.fr\/wp-content\/uploads\/2024\/05\/vertical-shot-river-background-fir-trees-mountains-8x12.jpg 8w, https:\/\/hotelflanelles.fr\/wp-content\/uploads\/2024\/05\/vertical-shot-river-background-fir-trees-mountains.jpg 1280w\" sizes=\"(max-width: 683px) 100vw, 683px\" \/>\t\t\t\t\t\t\t\t\t\t\t<\/div>\t\t\t\t<\/div>\n\t\t\t\t<\/div>\n\t\t\t\t<\/div>\n\t\t\t\t\t<\/div>\n\t\t\t\t<\/div>\n\t\t<div class=\"elementor-element elementor-element-98e9f28 e-flex e-con-boxed e-con e-parent\" data-id=\"98e9f28\" data-element_type=\"container\" data-e-type=\"container\" data-settings=\"{&quot;jet_parallax_layout_list&quot;:[]}\">\n\t\t\t\t\t<div class=\"e-con-inner\">\n\t\t<div class=\"elementor-element elementor-element-cbd3f30 e-con-full e-flex elementor-invisible e-con e-child\" data-id=\"cbd3f30\" data-element_type=\"container\" data-e-type=\"container\" data-settings=\"{&quot;jet_parallax_layout_list&quot;:[],&quot;animation&quot;:&quot;fadeIn&quot;,&quot;animation_delay&quot;:500}\">\n\t\t\t\t<div class=\"elementor-element elementor-element-ed9d15c elementor-widget elementor-widget-image\" data-id=\"ed9d15c\" data-element_type=\"widget\" data-e-type=\"widget\" data-widget_type=\"image.default\">\n\t\t\t\t<div class=\"elementor-widget-container\">\n\t\t\t\t\t\t\t\t\t\t\t\t\t\t\t<img decoding=\"async\" width=\"800\" height=\"800\" src=\"https:\/\/hotelflanelles.fr\/wp-content\/uploads\/2024\/05\/3.png\" class=\"attachment-large size-large wp-image-2293\" alt=\"Hotel Paris dans le 10\u00e8me arrondissement\" srcset=\"https:\/\/hotelflanelles.fr\/wp-content\/uploads\/2024\/05\/3.png 1000w, https:\/\/hotelflanelles.fr\/wp-content\/uploads\/2024\/05\/3-300x300.png 300w, https:\/\/hotelflanelles.fr\/wp-content\/uploads\/2024\/05\/3-150x150.png 150w, https:\/\/hotelflanelles.fr\/wp-content\/uploads\/2024\/05\/3-768x768.png 768w, https:\/\/hotelflanelles.fr\/wp-content\/uploads\/2024\/05\/3-12x12.png 12w\" sizes=\"(max-width: 800px) 100vw, 800px\" \/>\t\t\t\t\t\t\t\t\t\t\t\t\t\t\t<\/div>\n\t\t\t\t<\/div>\n\t\t\t\t<div class=\"elementor-element elementor-element-5e2d1cf elementor-widget elementor-widget-heading\" data-id=\"5e2d1cf\" data-element_type=\"widget\" data-e-type=\"widget\" data-widget_type=\"heading.default\">\n\t\t\t\t<div class=\"elementor-widget-container\">\n\t\t\t\t\t<h4 class=\"elementor-heading-title elementor-size-default\">Gestion durable des ressources <\/h4>\t\t\t\t<\/div>\n\t\t\t\t<\/div>\n\t\t\t\t<div class=\"elementor-element elementor-element-cf1de4f elementor-widget elementor-widget-text-editor\" data-id=\"cf1de4f\" data-element_type=\"widget\" data-e-type=\"widget\" data-widget_type=\"text-editor.default\">\n\t\t\t\t<div class=\"elementor-widget-container\">\n\t\t\t\t\t\t\t\t\t<p>Notre h\u00f4tel a \u00e9t\u00e9 enti\u00e8rement r\u00e9nov\u00e9 en 2023. Nous avons tout naturellement port\u00e9 un soin particulier \u00e0 la mise en place d&rsquo;\u00e9quipements \u00e9conomes en \u00e9nergie et en eau. L\u2019h\u00f4tel pratique le tri s\u00e9lectif, veille \u00e0 r\u00e9duire ses d\u00e9chets et vous propose des produits d\u2019accueil en salle de bain respectueux de l\u2019environnement.\u00a0<\/p>\t\t\t\t\t\t\t\t<\/div>\n\t\t\t\t<\/div>\n\t\t\t\t<\/div>\n\t\t<div class=\"elementor-element elementor-element-fb15c35 e-con-full e-flex elementor-invisible e-con e-child\" data-id=\"fb15c35\" data-element_type=\"container\" data-e-type=\"container\" data-settings=\"{&quot;jet_parallax_layout_list&quot;:[],&quot;animation&quot;:&quot;fadeIn&quot;,&quot;animation_delay&quot;:1000}\">\n\t\t\t\t<div class=\"elementor-element elementor-element-c16e5b0 elementor-widget elementor-widget-image\" data-id=\"c16e5b0\" data-element_type=\"widget\" data-e-type=\"widget\" data-widget_type=\"image.default\">\n\t\t\t\t<div class=\"elementor-widget-container\">\n\t\t\t\t\t\t\t\t\t\t\t\t\t\t\t<img decoding=\"async\" width=\"800\" height=\"800\" src=\"https:\/\/hotelflanelles.fr\/wp-content\/uploads\/2024\/05\/4.png\" class=\"attachment-large size-large wp-image-2294\" alt=\"R\u00e9server un h\u00f4tel proche de la Gare du Nord Paris\" srcset=\"https:\/\/hotelflanelles.fr\/wp-content\/uploads\/2024\/05\/4.png 1000w, https:\/\/hotelflanelles.fr\/wp-content\/uploads\/2024\/05\/4-300x300.png 300w, https:\/\/hotelflanelles.fr\/wp-content\/uploads\/2024\/05\/4-150x150.png 150w, https:\/\/hotelflanelles.fr\/wp-content\/uploads\/2024\/05\/4-768x768.png 768w, https:\/\/hotelflanelles.fr\/wp-content\/uploads\/2024\/05\/4-12x12.png 12w\" sizes=\"(max-width: 800px) 100vw, 800px\" \/>\t\t\t\t\t\t\t\t\t\t\t\t\t\t\t<\/div>\n\t\t\t\t<\/div>\n\t\t\t\t<div class=\"elementor-element elementor-element-328ad82 elementor-widget elementor-widget-heading\" data-id=\"328ad82\" data-element_type=\"widget\" data-e-type=\"widget\" data-widget_type=\"heading.default\">\n\t\t\t\t<div class=\"elementor-widget-container\">\n\t\t\t\t\t<h4 class=\"elementor-heading-title elementor-size-default\">Approche humaine socialement responsable<\/h4>\t\t\t\t<\/div>\n\t\t\t\t<\/div>\n\t\t\t\t<div class=\"elementor-element elementor-element-f329678 elementor-widget elementor-widget-text-editor\" data-id=\"f329678\" data-element_type=\"widget\" data-e-type=\"widget\" data-widget_type=\"text-editor.default\">\n\t\t\t\t<div class=\"elementor-widget-container\">\n\t\t\t\t\t\t\t\t\t<p class=\"x_MsoNormal\">Si vous souhaitez nous accompagner dans cette d\u00e9marche, plusieurs propositions d\u2019actions vous sont sugg\u00e9r\u00e9es dans le room directory de votre chambre et nos \u00e9quipes se feront un plaisir de vous donner toutes les informations souhait\u00e9es.<\/p><p class=\"x_MsoNormal\">Pour vos d\u00e9placements, notre concierge vous proposera tous les modes de transports rapides et \u00e9cologiques pour visiter notre belle capitale, que ce soit les transports en commun (bus, m\u00e9tro ou tram), la location de v\u00e9los ou de scooters \u00e9lectriques ou encore les circuits de d\u00e9couverte \u00e0 pied.<\/p>\t\t\t\t\t\t\t\t<\/div>\n\t\t\t\t<\/div>\n\t\t\t\t<\/div>\n\t\t<div class=\"elementor-element elementor-element-e3337e7 e-con-full e-flex elementor-invisible e-con e-child\" data-id=\"e3337e7\" data-element_type=\"container\" data-e-type=\"container\" data-settings=\"{&quot;jet_parallax_layout_list&quot;:[],&quot;animation&quot;:&quot;fadeIn&quot;,&quot;animation_delay&quot;:1500}\">\n\t\t\t\t<div class=\"elementor-element elementor-element-441ddda elementor-widget elementor-widget-image\" data-id=\"441ddda\" data-element_type=\"widget\" data-e-type=\"widget\" data-widget_type=\"image.default\">\n\t\t\t\t<div class=\"elementor-widget-container\">\n\t\t\t\t\t\t\t\t\t\t\t\t\t\t\t<img loading=\"lazy\" decoding=\"async\" width=\"800\" height=\"800\" src=\"https:\/\/hotelflanelles.fr\/wp-content\/uploads\/2024\/05\/2.png\" class=\"attachment-large size-large wp-image-2292\" alt=\"Hotel restaurant bar dans Paris 10\u00e8me proche Gare du Nord\" srcset=\"https:\/\/hotelflanelles.fr\/wp-content\/uploads\/2024\/05\/2.png 1000w, https:\/\/hotelflanelles.fr\/wp-content\/uploads\/2024\/05\/2-300x300.png 300w, https:\/\/hotelflanelles.fr\/wp-content\/uploads\/2024\/05\/2-150x150.png 150w, https:\/\/hotelflanelles.fr\/wp-content\/uploads\/2024\/05\/2-768x768.png 768w, https:\/\/hotelflanelles.fr\/wp-content\/uploads\/2024\/05\/2-12x12.png 12w\" sizes=\"(max-width: 800px) 100vw, 800px\" \/>\t\t\t\t\t\t\t\t\t\t\t\t\t\t\t<\/div>\n\t\t\t\t<\/div>\n\t\t\t\t<div class=\"elementor-element elementor-element-fead74f elementor-widget elementor-widget-heading\" data-id=\"fead74f\" data-element_type=\"widget\" data-e-type=\"widget\" data-widget_type=\"heading.default\">\n\t\t\t\t<div class=\"elementor-widget-container\">\n\t\t\t\t\t<h4 class=\"elementor-heading-title elementor-size-default\">D\u00e9veloppement \u00e9conomique <br> durable &amp; responsable <\/h4>\t\t\t\t<\/div>\n\t\t\t\t<\/div>\n\t\t\t\t<div class=\"elementor-element elementor-element-f87ff91 elementor-widget elementor-widget-text-editor\" data-id=\"f87ff91\" data-element_type=\"widget\" data-e-type=\"widget\" data-widget_type=\"text-editor.default\">\n\t\t\t\t<div class=\"elementor-widget-container\">\n\t\t\t\t\t\t\t\t\t<p>Nous avons fix\u00e9 comme objectif ambitieux d&rsquo;obtenir la certification Cl\u00e9 Verte d&rsquo;ici 2027, une reconnaissance internationale pour les \u00e9tablissements touristiques engag\u00e9s dans une d\u00e9marche environnementale exemplaire.<\/p><p>Cette certification repr\u00e9sente pour nous une \u00e9tape importante dans notre engagement envers la durabilit\u00e9 et la responsabilit\u00e9 sociale, et nous travaillons activement pour remplir les crit\u00e8res exig\u00e9s et atteindre cet objectif.<\/p>\t\t\t\t\t\t\t\t<\/div>\n\t\t\t\t<\/div>\n\t\t\t\t<div class=\"elementor-element elementor-element-7431a96 elementor-widget elementor-widget-image\" data-id=\"7431a96\" data-element_type=\"widget\" data-e-type=\"widget\" data-widget_type=\"image.default\">\n\t\t\t\t<div class=\"elementor-widget-container\">\n\t\t\t\t\t\t\t\t\t\t\t\t\t\t\t<img loading=\"lazy\" decoding=\"async\" width=\"800\" height=\"923\" src=\"https:\/\/hotelflanelles.fr\/wp-content\/uploads\/2024\/05\/logo-cv-hd-18-web-888x1024.jpg\" class=\"attachment-large size-large wp-image-2352\" alt=\"Hotel \u00e9conomique dans le 10\u00e8me arrondissement proche de la Gare du Nord\" srcset=\"https:\/\/hotelflanelles.fr\/wp-content\/uploads\/2024\/05\/logo-cv-hd-18-web-888x1024.jpg 888w, https:\/\/hotelflanelles.fr\/wp-content\/uploads\/2024\/05\/logo-cv-hd-18-web-260x300.jpg 260w, https:\/\/hotelflanelles.fr\/wp-content\/uploads\/2024\/05\/logo-cv-hd-18-web-768x886.jpg 768w, https:\/\/hotelflanelles.fr\/wp-content\/uploads\/2024\/05\/logo-cv-hd-18-web-10x12.jpg 10w, https:\/\/hotelflanelles.fr\/wp-content\/uploads\/2024\/05\/logo-cv-hd-18-web.jpg 1024w\" sizes=\"(max-width: 800px) 100vw, 800px\" \/>\t\t\t\t\t\t\t\t\t\t\t\t\t\t\t<\/div>\n\t\t\t\t<\/div>\n\t\t\t\t<\/div>\n\t\t\t\t\t<\/div>\n\t\t\t\t<\/div>\n\t\t<div class=\"elementor-element elementor-element-fdaa72c e-flex e-con-boxed e-con e-parent\" data-id=\"fdaa72c\" data-element_type=\"container\" data-e-type=\"container\" data-settings=\"{&quot;jet_parallax_layout_list&quot;:[]}\">\n\t\t\t\t\t<div class=\"e-con-inner\">\n\t\t\t\t\t<\/div>\n\t\t\t\t<\/div>\n\t\t\t\t<\/div>\n\t\t","protected":false},"excerpt":{"rendered":"<p>Politique RSE H\u00f4tel vers la Gare du Nord Paris L&rsquo;h\u00f4tel Flanelles Paris Gare du Nord Nos engagements \u00c0 l&rsquo;H\u00f4tel Flanelles, nous sommes engag\u00e9s dans une d\u00e9marche d&rsquo;am\u00e9lioration continue de notre responsabilit\u00e9 sociale et environnementale (RSE). Cette d\u00e9marche repose sur des valeurs concr\u00e8tes, et humaines, qui sont au c\u0153ur de notre identit\u00e9. Nous nous sommes fix\u00e9 [&hellip;]<\/p>\n","protected":false},"author":2,"featured_media":2067,"parent":0,"menu_order":0,"comment_status":"closed","ping_status":"closed","template":"","meta":{"_acf_changed":false,"footnotes":""},"class_list":["post-2284","page","type-page","status-publish","has-post-thumbnail","hentry"],"acf":[],"yoast_head":"<!-- This site is optimized with the Yoast SEO plugin v27.4 - https:\/\/yoast.com\/product\/yoast-seo-wordpress\/ -->\n<title>D\u00e9couvrez l&#039;H\u00f4tel Flanelles \u00e0 Paris Gare du Nord 10\u00e8me<\/title>\n<meta name=\"description\" content=\"D\u00e9couvrez l&#039;H\u00f4tel Flanelles. Fl\u00e2nez \u00e0 Paris depuis l&#039;H\u00f4tel Flanelles, Paris 10\u00e8me, situ\u00e9 dans le quartier central de la Gare du Nord.\" \/>\n<meta name=\"robots\" content=\"index, follow, max-snippet:-1, max-image-preview:large, max-video-preview:-1\" \/>\n<link rel=\"canonical\" href=\"https:\/\/hotelflanelles.fr\/es\/politique-rse\/\" \/>\n<meta property=\"og:locale\" content=\"es_ES\" \/>\n<meta property=\"og:type\" content=\"article\" \/>\n<meta property=\"og:title\" content=\"D\u00e9couvrez l&#039;H\u00f4tel Flanelles \u00e0 Paris Gare du Nord 10\u00e8me\" \/>\n<meta property=\"og:description\" content=\"D\u00e9couvrez l&#039;H\u00f4tel Flanelles. Fl\u00e2nez \u00e0 Paris depuis l&#039;H\u00f4tel Flanelles, Paris 10\u00e8me, situ\u00e9 dans le quartier central de la Gare du Nord.\" \/>\n<meta property=\"og:url\" content=\"https:\/\/hotelflanelles.fr\/es\/politique-rse\/\" \/>\n<meta property=\"og:site_name\" content=\"H\u00f4tel Flanelles\" \/>\n<meta property=\"article:modified_time\" content=\"2025-04-17T09:58:29+00:00\" \/>\n<meta property=\"og:image\" content=\"https:\/\/hotelflanelles.fr\/wp-content\/uploads\/2024\/03\/137FLANELLES-TRI24-032025-1.jpeg\" \/>\n\t<meta property=\"og:image:width\" content=\"1920\" \/>\n\t<meta property=\"og:image:height\" content=\"1280\" \/>\n\t<meta property=\"og:image:type\" content=\"image\/jpeg\" \/>\n<meta name=\"twitter:card\" content=\"summary_large_image\" \/>\n<meta name=\"twitter:label1\" content=\"Tiempo de lectura\" \/>\n\t<meta name=\"twitter:data1\" content=\"3 minutos\" \/>\n<script type=\"application\/ld+json\" class=\"yoast-schema-graph\">{\"@context\":\"https:\\\/\\\/schema.org\",\"@graph\":[{\"@type\":\"WebPage\",\"@id\":\"https:\\\/\\\/hotelflanelles.fr\\\/politique-rse\\\/\",\"url\":\"https:\\\/\\\/hotelflanelles.fr\\\/politique-rse\\\/\",\"name\":\"D\u00e9couvrez l'H\u00f4tel Flanelles \u00e0 Paris Gare du Nord 10\u00e8me\",\"isPartOf\":{\"@id\":\"https:\\\/\\\/hotelflanelles.fr\\\/#website\"},\"primaryImageOfPage\":{\"@id\":\"https:\\\/\\\/hotelflanelles.fr\\\/politique-rse\\\/#primaryimage\"},\"image\":{\"@id\":\"https:\\\/\\\/hotelflanelles.fr\\\/politique-rse\\\/#primaryimage\"},\"thumbnailUrl\":\"https:\\\/\\\/hotelflanelles.fr\\\/wp-content\\\/uploads\\\/2024\\\/03\\\/137FLANELLES-TRI24-032025-1.jpeg\",\"datePublished\":\"2024-05-07T10:03:46+00:00\",\"dateModified\":\"2025-04-17T09:58:29+00:00\",\"description\":\"D\u00e9couvrez l'H\u00f4tel Flanelles. Fl\u00e2nez \u00e0 Paris depuis l'H\u00f4tel Flanelles, Paris 10\u00e8me, situ\u00e9 dans le quartier central de la Gare du Nord.\",\"breadcrumb\":{\"@id\":\"https:\\\/\\\/hotelflanelles.fr\\\/politique-rse\\\/#breadcrumb\"},\"inLanguage\":\"es\",\"potentialAction\":[{\"@type\":\"ReadAction\",\"target\":[\"https:\\\/\\\/hotelflanelles.fr\\\/politique-rse\\\/\"]}]},{\"@type\":\"ImageObject\",\"inLanguage\":\"es\",\"@id\":\"https:\\\/\\\/hotelflanelles.fr\\\/politique-rse\\\/#primaryimage\",\"url\":\"https:\\\/\\\/hotelflanelles.fr\\\/wp-content\\\/uploads\\\/2024\\\/03\\\/137FLANELLES-TRI24-032025-1.jpeg\",\"contentUrl\":\"https:\\\/\\\/hotelflanelles.fr\\\/wp-content\\\/uploads\\\/2024\\\/03\\\/137FLANELLES-TRI24-032025-1.jpeg\",\"width\":1920,\"height\":1280,\"caption\":\"Hotel \u00e9conomique dans le 10\u00e8me arrondissement proche Gare de l'Est\"},{\"@type\":\"BreadcrumbList\",\"@id\":\"https:\\\/\\\/hotelflanelles.fr\\\/politique-rse\\\/#breadcrumb\",\"itemListElement\":[{\"@type\":\"ListItem\",\"position\":1,\"name\":\"Accueil\",\"item\":\"https:\\\/\\\/hotelflanelles.fr\\\/\"},{\"@type\":\"ListItem\",\"position\":2,\"name\":\"Politique RSE\"}]},{\"@type\":\"WebSite\",\"@id\":\"https:\\\/\\\/hotelflanelles.fr\\\/#website\",\"url\":\"https:\\\/\\\/hotelflanelles.fr\\\/\",\"name\":\"H\u00f4tel Flanelles\",\"description\":\"Ici les fl\u00e2neries sont \u00e0 demeure\",\"potentialAction\":[{\"@type\":\"SearchAction\",\"target\":{\"@type\":\"EntryPoint\",\"urlTemplate\":\"https:\\\/\\\/hotelflanelles.fr\\\/?s={search_term_string}\"},\"query-input\":{\"@type\":\"PropertyValueSpecification\",\"valueRequired\":true,\"valueName\":\"search_term_string\"}}],\"inLanguage\":\"es\"}]}<\/script>\n<!-- \/ Yoast SEO plugin. -->","yoast_head_json":{"title":"Descubra el H\u00f4tel Flanelles en Par\u00eds Gare du Nord, Distrito 10","description":"Descubra el H\u00f4tel Flanelles. Pasee por Par\u00eds desde el H\u00f4tel Flanelles, en el distrito 10, ubicado en el c\u00e9ntrico barrio de la Gare du Nord.","robots":{"index":"index","follow":"follow","max-snippet":"max-snippet:-1","max-image-preview":"max-image-preview:large","max-video-preview":"max-video-preview:-1"},"canonical":"https:\/\/hotelflanelles.fr\/es\/politique-rse\/","og_locale":"es_ES","og_type":"article","og_title":"D\u00e9couvrez l'H\u00f4tel Flanelles \u00e0 Paris Gare du Nord 10\u00e8me","og_description":"D\u00e9couvrez l'H\u00f4tel Flanelles. Fl\u00e2nez \u00e0 Paris depuis l'H\u00f4tel Flanelles, Paris 10\u00e8me, situ\u00e9 dans le quartier central de la Gare du Nord.","og_url":"https:\/\/hotelflanelles.fr\/es\/politique-rse\/","og_site_name":"H\u00f4tel Flanelles","article_modified_time":"2025-04-17T09:58:29+00:00","og_image":[{"width":1920,"height":1280,"url":"https:\/\/hotelflanelles.fr\/wp-content\/uploads\/2024\/03\/137FLANELLES-TRI24-032025-1.jpeg","type":"image\/jpeg"}],"twitter_card":"summary_large_image","twitter_misc":{"Tiempo de lectura":"3 minutos"},"schema":{"@context":"https:\/\/schema.org","@graph":[{"@type":"WebPage","@id":"https:\/\/hotelflanelles.fr\/politique-rse\/","url":"https:\/\/hotelflanelles.fr\/politique-rse\/","name":"Descubra el H\u00f4tel Flanelles en Par\u00eds Gare du Nord, Distrito 10","isPartOf":{"@id":"https:\/\/hotelflanelles.fr\/#website"},"primaryImageOfPage":{"@id":"https:\/\/hotelflanelles.fr\/politique-rse\/#primaryimage"},"image":{"@id":"https:\/\/hotelflanelles.fr\/politique-rse\/#primaryimage"},"thumbnailUrl":"https:\/\/hotelflanelles.fr\/wp-content\/uploads\/2024\/03\/137FLANELLES-TRI24-032025-1.jpeg","datePublished":"2024-05-07T10:03:46+00:00","dateModified":"2025-04-17T09:58:29+00:00","description":"Descubra el H\u00f4tel Flanelles. Pasee por Par\u00eds desde el H\u00f4tel Flanelles, en el distrito 10, ubicado en el c\u00e9ntrico barrio de la Gare du Nord.","breadcrumb":{"@id":"https:\/\/hotelflanelles.fr\/politique-rse\/#breadcrumb"},"inLanguage":"es","potentialAction":[{"@type":"ReadAction","target":["https:\/\/hotelflanelles.fr\/politique-rse\/"]}]},{"@type":"ImageObject","inLanguage":"es","@id":"https:\/\/hotelflanelles.fr\/politique-rse\/#primaryimage","url":"https:\/\/hotelflanelles.fr\/wp-content\/uploads\/2024\/03\/137FLANELLES-TRI24-032025-1.jpeg","contentUrl":"https:\/\/hotelflanelles.fr\/wp-content\/uploads\/2024\/03\/137FLANELLES-TRI24-032025-1.jpeg","width":1920,"height":1280,"caption":"Hotel \u00e9conomique dans le 10\u00e8me arrondissement proche Gare de l'Est"},{"@type":"BreadcrumbList","@id":"https:\/\/hotelflanelles.fr\/politique-rse\/#breadcrumb","itemListElement":[{"@type":"ListItem","position":1,"name":"Accueil","item":"https:\/\/hotelflanelles.fr\/"},{"@type":"ListItem","position":2,"name":"Politique RSE"}]},{"@type":"WebSite","@id":"https:\/\/hotelflanelles.fr\/#website","url":"https:\/\/hotelflanelles.fr\/","name":"H\u00f4tel Flanelles","description":"Ici les fl\u00e2neries sont \u00e0 demeure","potentialAction":[{"@type":"SearchAction","target":{"@type":"EntryPoint","urlTemplate":"https:\/\/hotelflanelles.fr\/?s={search_term_string}"},"query-input":{"@type":"PropertyValueSpecification","valueRequired":true,"valueName":"search_term_string"}}],"inLanguage":"es"}]}},"_links":{"self":[{"href":"https:\/\/hotelflanelles.fr\/es\/wp-json\/wp\/v2\/pages\/2284","targetHints":{"allow":["GET"]}}],"collection":[{"href":"https:\/\/hotelflanelles.fr\/es\/wp-json\/wp\/v2\/pages"}],"about":[{"href":"https:\/\/hotelflanelles.fr\/es\/wp-json\/wp\/v2\/types\/page"}],"author":[{"embeddable":true,"href":"https:\/\/hotelflanelles.fr\/es\/wp-json\/wp\/v2\/users\/2"}],"replies":[{"embeddable":true,"href":"https:\/\/hotelflanelles.fr\/es\/wp-json\/wp\/v2\/comments?post=2284"}],"version-history":[{"count":50,"href":"https:\/\/hotelflanelles.fr\/es\/wp-json\/wp\/v2\/pages\/2284\/revisions"}],"predecessor-version":[{"id":2570,"href":"https:\/\/hotelflanelles.fr\/es\/wp-json\/wp\/v2\/pages\/2284\/revisions\/2570"}],"wp:featuredmedia":[{"embeddable":true,"href":"https:\/\/hotelflanelles.fr\/es\/wp-json\/wp\/v2\/media\/2067"}],"wp:attachment":[{"href":"https:\/\/hotelflanelles.fr\/es\/wp-json\/wp\/v2\/media?parent=2284"}],"curies":[{"name":"wp","href":"https:\/\/api.w.org\/{rel}","templated":true}]}}