{"id":312,"date":"2023-03-21T11:48:18","date_gmt":"2023-03-21T10:48:18","guid":{"rendered":"https:\/\/hotelflanelles.marquedigitale.ovh\/?page_id=312"},"modified":"2023-10-17T11:18:17","modified_gmt":"2023-10-17T09:18:17","slug":"mentions-legales","status":"publish","type":"page","link":"https:\/\/hotelflanelles.fr\/en\/mentions-legales\/","title":{"rendered":"Legal information"},"content":{"rendered":"<div data-elementor-type=\"wp-page\" data-elementor-id=\"312\" class=\"elementor elementor-312\" data-elementor-post-type=\"page\">\n\t\t\t\t<div data-dce-background-image-url=\"https:\/\/hotelflanelles.fr\/wp-content\/uploads\/2023\/03\/salon-petit-dejeuner-_-hotel-flanelles-2.jpeg\" class=\"elementor-element elementor-element-f5dba97 e-flex e-con-boxed e-con e-parent\" data-id=\"f5dba97\" data-element_type=\"container\" data-e-type=\"container\" data-settings=\"{&quot;background_background&quot;:&quot;classic&quot;,&quot;jet_parallax_layout_list&quot;:[]}\">\n\t\t\t\t\t<div class=\"e-con-inner\">\n\t\t<div class=\"elementor-element elementor-element-f83bde9 e-con-full e-flex e-con e-child\" data-id=\"f83bde9\" data-element_type=\"container\" data-e-type=\"container\" data-settings=\"{&quot;jet_parallax_layout_list&quot;:[]}\">\n\t\t\t\t<div class=\"elementor-element elementor-element-9d6cf6a elementor-widget elementor-widget-heading\" data-id=\"9d6cf6a\" data-element_type=\"widget\" data-e-type=\"widget\" data-widget_type=\"heading.default\">\n\t\t\t\t<div class=\"elementor-widget-container\">\n\t\t\t\t\t<h2 class=\"elementor-heading-title elementor-size-default\">Legal information<\/h2>\t\t\t\t<\/div>\n\t\t\t\t<\/div>\n\t\t\t\t<div class=\"elementor-element elementor-element-ab12bc6 elementor-widget elementor-widget-heading\" data-id=\"ab12bc6\" data-element_type=\"widget\" data-e-type=\"widget\" data-widget_type=\"heading.default\">\n\t\t\t\t<div class=\"elementor-widget-container\">\n\t\t\t\t\t<h1 class=\"elementor-heading-title elementor-size-default\">Hotel in Paris near Gare du Nord<\/h1>\t\t\t\t<\/div>\n\t\t\t\t<\/div>\n\t\t\t\t<\/div>\n\t\t\t\t\t<\/div>\n\t\t\t\t<\/div>\n\t\t<div class=\"elementor-element elementor-element-f4cc406 e-flex e-con-boxed e-con e-parent\" data-id=\"f4cc406\" data-element_type=\"container\" data-e-type=\"container\" data-settings=\"{&quot;jet_parallax_layout_list&quot;:[]}\">\n\t\t\t\t\t<div class=\"e-con-inner\">\n\t\t<div class=\"elementor-element elementor-element-742c4e8 e-con-full e-flex e-con e-child\" data-id=\"742c4e8\" data-element_type=\"container\" data-e-type=\"container\" data-settings=\"{&quot;jet_parallax_layout_list&quot;:[]}\">\n\t\t\t\t<div class=\"elementor-element elementor-element-9875803 elementor-widget elementor-widget-text-editor\" data-id=\"9875803\" data-element_type=\"widget\" data-e-type=\"widget\" data-widget_type=\"text-editor.default\">\n\t\t\t\t<div class=\"elementor-widget-container\">\n\t\t\t\t\t\t\t\t\t\n<p>Please read these terms of use carefully before using this site. By connecting to this site, you accept these terms and conditions without reservation. In accordance with article n\u00b06 of the French Law n\u00b02004-575 of June 21, 2004 for confidence in the digital economy, the persons responsible for the present website https:\/\/hotelflanelles.fr\/ are :<\/p>\n<p><br \/><strong>SITE PUBLISHER<\/strong><\/p>\n<p><br \/>Hotel FLANELLES<\/p>\n<p>SIRET number: 562 076 638 00021<br \/>Editorial manager: Pascal Donat as Chairman<br \/>Address: 14, rue de Brey 75017 Paris - France<br \/>Telephone: +33 (0)1 77 35 90 05<br \/>Website: https:\/\/hotelflanelles.fr\/<\/p>\n<p><strong>ACCOMMODATION<\/strong><\/p>\n<p><br \/>Host : OVH - 2 rue Kellermann - 59100 Roubaix - France<\/p>\n<p><br \/><strong>DESIGN &amp; PRODUCTION<\/strong><\/p>\n<p><br \/>Site powered by web agency Marque Digitale<br \/>Address: 1 rue jean bertin - 26000 VALENCE<\/p>\n<p>\u00a0<\/p>\n<p><strong>PHOTOS<\/strong><\/p>\n<p>\u00a9 Gilles Trillard\u00a0<\/p>\n<p><br \/><strong>CONDITIONS OF USE<\/strong><\/p>\n<p><br \/>This site (https:\/\/hotelflanelles.fr\/) is offered in various web languages (HTML, HTML5, Javascript, CSS, etc.) for a better comfort of use and a more pleasant graphics, we recommend you to use modern browsers like Internet explorer, Safari, Firefox, Google Chrome, etc. Hotel FLANELLES implements all the means which it has, to ensure a reliable information and a reliable update of its Internet sites. However, errors or omissions may occur. The user must therefore ensure the accuracy of information from , and report any changes to the site that he or she deems useful. is in no way responsible for the use made of this information, and any direct or indirect damage that may result. Cookies : The https:\/\/hotelflanelles.fr\/ website may ask you to accept cookies for statistical and display purposes. A cookie is a piece of information placed on your hard disk by the server of the site you are visiting. It contains several pieces of data that are stored on your computer in a simple text file that a server accesses to read and record information. Certain parts of this site cannot be functional without the acceptance of cookies. Hypertext links : The H\u00f4tel FLANELLES websites may provide links to other websites or resources available on the Internet. H\u00f4tel FLANELLES has no means of controlling the sites linked to its Internet sites. does not guarantee the availability of such external sites and sources. It cannot be held responsible for any damage, of any nature whatsoever, resulting from the content of these external sites or sources, and in particular from the information, products or services they offer, or from any use that may be made of these elements. The risks associated with such use are the full responsibility of the Internet user, who must comply with their conditions of use. Users, subscribers and visitors to the H\u00f4tel FLANELLES websites may not set up a hyperlink to this site without the express prior authorization of H\u00f4tel FLANELLES. In the event that a user or visitor wishes to set up a hyperlink to one of the H\u00f4tel FLANELLES websites, he or she should send an e-mail to the site to request that a hyperlink be set up. H\u00f4tel FLANELLES reserves the right to accept or refuse a hyperlink without having to justify its decision.<\/p>\n<p><br \/><strong>SERVICES PROVIDED<\/strong><\/p>\n<p><br \/>All of the company's activities and information are presented on our website https:\/\/hotelflanelles.fr\/. H\u00f4tel FLANELLES makes every effort to provide information on the https:\/\/hotelflanelles.fr\/ site that is as accurate as possible. The information on the https:\/\/hotelflanelles.fr\/ site is not exhaustive, and the photos are non-contractual. It is subject to any changes that may have been made since it was put online. In addition, all information on the https:\/\/hotelflanelles.fr\/ website is given for information only, and may change or evolve without notice.<\/p>\n\t\t\t\t\t\t\t\t<\/div>\n\t\t\t\t<\/div>\n\t\t\t\t<\/div>\n\t\t\t\t\t<\/div>\n\t\t\t\t<\/div>\n\t\t\t\t<\/div>","protected":false},"excerpt":{"rendered":"<p>Mentions l\u00e9gales H\u00f4tel Paris gare du nord Merci de lire avec attention les diff\u00e9rentes modalit\u00e9s d\u2019utilisation du pr\u00e9sent site avant d\u2019y parcourir ses pages. En vous connectant sur ce site, vous acceptez sans r\u00e9serves les pr\u00e9sentes modalit\u00e9s. Aussi, conform\u00e9ment \u00e0 l\u2019article n\u00b06 de la Loi n\u00b02004-575 du 21 Juin 2004 pour la confiance dans l\u2019\u00e9conomie [&hellip;]<\/p>\n","protected":false},"author":1,"featured_media":0,"parent":0,"menu_order":0,"comment_status":"closed","ping_status":"closed","template":"","meta":{"_acf_changed":false,"footnotes":""},"class_list":["post-312","page","type-page","status-publish","hentry"],"acf":[],"yoast_head":"<!-- This site is optimized with the Yoast SEO plugin v27.5 - https:\/\/yoast.com\/product\/yoast-seo-wordpress\/ -->\n<title>Mentions l\u00e9gales | H\u00f4tel Flanelles Paris 10\u00e8me<\/title>\n<meta name=\"description\" content=\"Mentions l\u00e9gales | H\u00f4tel Flanelles Paris | Une escapade parisienne sur-mesure dans une demeure chic et branch\u00e9e. Bienvenue chez vous !\" \/>\n<meta name=\"robots\" content=\"noindex, follow\" \/>\n<meta property=\"og:locale\" content=\"en_US\" \/>\n<meta property=\"og:type\" content=\"article\" \/>\n<meta property=\"og:title\" content=\"Mentions l\u00e9gales | H\u00f4tel Flanelles Paris 10\u00e8me\" \/>\n<meta property=\"og:description\" content=\"Mentions l\u00e9gales | H\u00f4tel Flanelles Paris | Une escapade parisienne sur-mesure dans une demeure chic et branch\u00e9e. Bienvenue chez vous !\" \/>\n<meta property=\"og:url\" content=\"https:\/\/hotelflanelles.fr\/en\/mentions-legales\/\" \/>\n<meta property=\"og:site_name\" content=\"H\u00f4tel Flanelles\" \/>\n<meta property=\"article:modified_time\" content=\"2023-10-17T09:18:17+00:00\" \/>\n<meta name=\"twitter:card\" content=\"summary_large_image\" \/>\n<meta name=\"twitter:label1\" content=\"Est. reading time\" \/>\n\t<meta name=\"twitter:data1\" content=\"4 minutes\" \/>\n<script type=\"application\/ld+json\" class=\"yoast-schema-graph\">{\"@context\":\"https:\\\/\\\/schema.org\",\"@graph\":[{\"@type\":\"WebPage\",\"@id\":\"https:\\\/\\\/hotelflanelles.fr\\\/mentions-legales\\\/\",\"url\":\"https:\\\/\\\/hotelflanelles.fr\\\/mentions-legales\\\/\",\"name\":\"Mentions l\u00e9gales | H\u00f4tel Flanelles Paris 10\u00e8me\",\"isPartOf\":{\"@id\":\"https:\\\/\\\/hotelflanelles.fr\\\/#website\"},\"datePublished\":\"2023-03-21T10:48:18+00:00\",\"dateModified\":\"2023-10-17T09:18:17+00:00\",\"description\":\"Mentions l\u00e9gales | H\u00f4tel Flanelles Paris | Une escapade parisienne sur-mesure dans une demeure chic et branch\u00e9e. Bienvenue chez vous !\",\"breadcrumb\":{\"@id\":\"https:\\\/\\\/hotelflanelles.fr\\\/mentions-legales\\\/#breadcrumb\"},\"inLanguage\":\"en-US\",\"potentialAction\":[{\"@type\":\"ReadAction\",\"target\":[\"https:\\\/\\\/hotelflanelles.fr\\\/mentions-legales\\\/\"]}]},{\"@type\":\"BreadcrumbList\",\"@id\":\"https:\\\/\\\/hotelflanelles.fr\\\/mentions-legales\\\/#breadcrumb\",\"itemListElement\":[{\"@type\":\"ListItem\",\"position\":1,\"name\":\"Accueil\",\"item\":\"https:\\\/\\\/hotelflanelles.fr\\\/\"},{\"@type\":\"ListItem\",\"position\":2,\"name\":\"Mentions l\u00e9gales\"}]},{\"@type\":\"WebSite\",\"@id\":\"https:\\\/\\\/hotelflanelles.fr\\\/#website\",\"url\":\"https:\\\/\\\/hotelflanelles.fr\\\/\",\"name\":\"H\u00f4tel Flanelles\",\"description\":\"Ici les fl\u00e2neries sont \u00e0 demeure\",\"potentialAction\":[{\"@type\":\"SearchAction\",\"target\":{\"@type\":\"EntryPoint\",\"urlTemplate\":\"https:\\\/\\\/hotelflanelles.fr\\\/?s={search_term_string}\"},\"query-input\":{\"@type\":\"PropertyValueSpecification\",\"valueRequired\":true,\"valueName\":\"search_term_string\"}}],\"inLanguage\":\"en-US\"}]}<\/script>\n<!-- \/ Yoast SEO plugin. -->","yoast_head_json":{"title":"Mentions l\u00e9gales | H\u00f4tel Flanelles Paris 10\u00e8me","description":"Mentions l\u00e9gales | H\u00f4tel Flanelles Paris | Une escapade parisienne sur-mesure dans une demeure chic et branch\u00e9e. Bienvenue chez vous !","robots":{"index":"noindex","follow":"follow"},"og_locale":"en_US","og_type":"article","og_title":"Mentions l\u00e9gales | H\u00f4tel Flanelles Paris 10\u00e8me","og_description":"Mentions l\u00e9gales | H\u00f4tel Flanelles Paris | Une escapade parisienne sur-mesure dans une demeure chic et branch\u00e9e. Bienvenue chez vous !","og_url":"https:\/\/hotelflanelles.fr\/en\/mentions-legales\/","og_site_name":"H\u00f4tel Flanelles","article_modified_time":"2023-10-17T09:18:17+00:00","twitter_card":"summary_large_image","twitter_misc":{"Est. reading time":"4 minutes"},"schema":{"@context":"https:\/\/schema.org","@graph":[{"@type":"WebPage","@id":"https:\/\/hotelflanelles.fr\/mentions-legales\/","url":"https:\/\/hotelflanelles.fr\/mentions-legales\/","name":"Mentions l\u00e9gales | H\u00f4tel Flanelles Paris 10\u00e8me","isPartOf":{"@id":"https:\/\/hotelflanelles.fr\/#website"},"datePublished":"2023-03-21T10:48:18+00:00","dateModified":"2023-10-17T09:18:17+00:00","description":"Mentions l\u00e9gales | H\u00f4tel Flanelles Paris | Une escapade parisienne sur-mesure dans une demeure chic et branch\u00e9e. Bienvenue chez vous !","breadcrumb":{"@id":"https:\/\/hotelflanelles.fr\/mentions-legales\/#breadcrumb"},"inLanguage":"en-US","potentialAction":[{"@type":"ReadAction","target":["https:\/\/hotelflanelles.fr\/mentions-legales\/"]}]},{"@type":"BreadcrumbList","@id":"https:\/\/hotelflanelles.fr\/mentions-legales\/#breadcrumb","itemListElement":[{"@type":"ListItem","position":1,"name":"Accueil","item":"https:\/\/hotelflanelles.fr\/"},{"@type":"ListItem","position":2,"name":"Mentions l\u00e9gales"}]},{"@type":"WebSite","@id":"https:\/\/hotelflanelles.fr\/#website","url":"https:\/\/hotelflanelles.fr\/","name":"Hotel Flanelles","description":"Here, strolling is a permanent fixture","potentialAction":[{"@type":"SearchAction","target":{"@type":"EntryPoint","urlTemplate":"https:\/\/hotelflanelles.fr\/?s={search_term_string}"},"query-input":{"@type":"PropertyValueSpecification","valueRequired":true,"valueName":"search_term_string"}}],"inLanguage":"en-US"}]}},"_links":{"self":[{"href":"https:\/\/hotelflanelles.fr\/en\/wp-json\/wp\/v2\/pages\/312","targetHints":{"allow":["GET"]}}],"collection":[{"href":"https:\/\/hotelflanelles.fr\/en\/wp-json\/wp\/v2\/pages"}],"about":[{"href":"https:\/\/hotelflanelles.fr\/en\/wp-json\/wp\/v2\/types\/page"}],"author":[{"embeddable":true,"href":"https:\/\/hotelflanelles.fr\/en\/wp-json\/wp\/v2\/users\/1"}],"replies":[{"embeddable":true,"href":"https:\/\/hotelflanelles.fr\/en\/wp-json\/wp\/v2\/comments?post=312"}],"version-history":[{"count":26,"href":"https:\/\/hotelflanelles.fr\/en\/wp-json\/wp\/v2\/pages\/312\/revisions"}],"predecessor-version":[{"id":1621,"href":"https:\/\/hotelflanelles.fr\/en\/wp-json\/wp\/v2\/pages\/312\/revisions\/1621"}],"wp:attachment":[{"href":"https:\/\/hotelflanelles.fr\/en\/wp-json\/wp\/v2\/media?parent=312"}],"curies":[{"name":"wp","href":"https:\/\/api.w.org\/{rel}","templated":true}]}}