{"id":312,"date":"2023-03-21T11:48:18","date_gmt":"2023-03-21T10:48:18","guid":{"rendered":"https:\/\/hotelflanelles.marquedigitale.ovh\/?page_id=312"},"modified":"2023-10-17T11:18:17","modified_gmt":"2023-10-17T09:18:17","slug":"mentions-legales","status":"publish","type":"page","link":"https:\/\/hotelflanelles.fr\/de\/mentions-legales\/","title":{"rendered":"Rechtliche Hinweise"},"content":{"rendered":"<div data-elementor-type=\"wp-page\" data-elementor-id=\"312\" class=\"elementor elementor-312\" data-elementor-post-type=\"page\">\n\t\t\t\t<div data-dce-background-image-url=\"https:\/\/hotelflanelles.fr\/wp-content\/uploads\/2023\/03\/salon-petit-dejeuner-_-hotel-flanelles-2.jpeg\" class=\"elementor-element elementor-element-f5dba97 e-flex e-con-boxed e-con e-parent\" data-id=\"f5dba97\" data-element_type=\"container\" data-e-type=\"container\" data-settings=\"{&quot;background_background&quot;:&quot;classic&quot;,&quot;jet_parallax_layout_list&quot;:[]}\">\n\t\t\t\t\t<div class=\"e-con-inner\">\n\t\t<div class=\"elementor-element elementor-element-f83bde9 e-con-full e-flex e-con e-child\" data-id=\"f83bde9\" data-element_type=\"container\" data-e-type=\"container\" data-settings=\"{&quot;jet_parallax_layout_list&quot;:[]}\">\n\t\t\t\t<div class=\"elementor-element elementor-element-9d6cf6a elementor-widget elementor-widget-heading\" data-id=\"9d6cf6a\" data-element_type=\"widget\" data-e-type=\"widget\" data-widget_type=\"heading.default\">\n\t\t\t\t<div class=\"elementor-widget-container\">\n\t\t\t\t\t<h2 class=\"elementor-heading-title elementor-size-default\">Rechtliche Hinweise<\/h2>\t\t\t\t<\/div>\n\t\t\t\t<\/div>\n\t\t\t\t<div class=\"elementor-element elementor-element-ab12bc6 elementor-widget elementor-widget-heading\" data-id=\"ab12bc6\" data-element_type=\"widget\" data-e-type=\"widget\" data-widget_type=\"heading.default\">\n\t\t\t\t<div class=\"elementor-widget-container\">\n\t\t\t\t\t<h1 class=\"elementor-heading-title elementor-size-default\">Hotel in Paris nahe dem Gare du Nord<\/h1>\t\t\t\t<\/div>\n\t\t\t\t<\/div>\n\t\t\t\t<\/div>\n\t\t\t\t\t<\/div>\n\t\t\t\t<\/div>\n\t\t<div class=\"elementor-element elementor-element-f4cc406 e-flex e-con-boxed e-con e-parent\" data-id=\"f4cc406\" data-element_type=\"container\" data-e-type=\"container\" data-settings=\"{&quot;jet_parallax_layout_list&quot;:[]}\">\n\t\t\t\t\t<div class=\"e-con-inner\">\n\t\t<div class=\"elementor-element elementor-element-742c4e8 e-con-full e-flex e-con e-child\" data-id=\"742c4e8\" data-element_type=\"container\" data-e-type=\"container\" data-settings=\"{&quot;jet_parallax_layout_list&quot;:[]}\">\n\t\t\t\t<div class=\"elementor-element elementor-element-9875803 elementor-widget elementor-widget-text-editor\" data-id=\"9875803\" data-element_type=\"widget\" data-e-type=\"widget\" data-widget_type=\"text-editor.default\">\n\t\t\t\t<div class=\"elementor-widget-container\">\n\t\t\t\t\t\t\t\t\t\n<p>Merci de lire avec attention les diff\u00e9rentes modalit\u00e9s d\u2019utilisation du pr\u00e9sent site avant d\u2019y parcourir ses pages. En vous connectant sur ce site, vous acceptez sans r\u00e9serves les pr\u00e9sentes modalit\u00e9s. Aussi, conform\u00e9ment \u00e0 l\u2019article n\u00b06 de la Loi n\u00b02004-575 du 21 Juin 2004 pour la confiance dans l\u2019\u00e9conomie num\u00e9rique, les responsables du pr\u00e9sent site internet https:\/\/hotelflanelles.fr\/ sont :<\/p>\n<p><br \/><strong>EDITEUR DU SITE<\/strong><\/p>\n<p><br \/>H\u00f4tel FLANELLES<\/p>\n<p>Num\u00e9ro de SIRET : 562 076 638 00021<br \/>Responsable \u00e9ditorial : Pascal Donat en qualit\u00e9 de Pr\u00e9sident<br \/>Adresse : 14, rue de Brey 75017 Paris \u2013 France<br \/>T\u00e9l\u00e9phone : +33 (0)1 77 35 90 05<br \/>Site Web : https:\/\/hotelflanelles.fr\/<\/p>\n<p><strong>H\u00c9BERGEMENT<\/strong><\/p>\n<p><br \/>H\u00e9bergeur : OVH \u2013 2 rue Kellermann \u2013 59100 Roubaix \u2013 France<\/p>\n<p><br \/><strong>CONCEPTION &amp; R\u00c9ALISATION<\/strong><\/p>\n<p><br \/>Site propuls\u00e9 par l\u2019agence web Marque Digitale<br \/>Adresse : 1 rue jean bertin \u2013 26000 VALENCE<\/p>\n<p>\u00a0<\/p>\n<p><strong>PHOTOS<\/strong><\/p>\n<p>\u00a9 Gilles Trillard\u00a0<\/p>\n<p><br \/><strong>CONDITIONS D&rsquo;UTILISATION<\/strong><\/p>\n<p><br \/>Ce site (https:\/\/hotelflanelles.fr\/) est propos\u00e9 en diff\u00e9rents langages web (HTML, HTML5, Javascript, CSS, etc\u2026) pour un meilleur confort d\u2019utilisation et un graphisme plus agr\u00e9able, nous vous recommandons de recourir \u00e0 des navigateurs modernes comme Internet explorer, Safari, Firefox, Google Chrome, etc\u2026 H\u00f4tel FLANELLES met en \u0153uvre tous les moyens dont elle dispose, pour assurer une information fiable et une mise \u00e0 jour fiable de ses sites internet. Toutefois, des erreurs ou omissions peuvent survenir. L\u2019internaute devra donc s\u2019assurer de l\u2019exactitude des informations aupr\u00e8s de , et signaler toutes modifications du site qu\u2019il jugerait utile. n\u2019est en aucun cas responsable de l\u2019utilisation faite de ces informations, et de tout pr\u00e9judice direct ou indirect pouvant en d\u00e9couler. Cookies : Le site https:\/\/hotelflanelles.fr\/ peut-\u00eatre amen\u00e9 \u00e0 vous demander l\u2019acceptation des cookies pour des besoins de statistiques et d\u2019affichage. Un cookies est une information d\u00e9pos\u00e9e sur votre disque dur par le serveur du site que vous visitez. Il contient plusieurs donn\u00e9es qui sont stock\u00e9es sur votre ordinateur dans un simple fichier texte auquel un serveur acc\u00e8de pour lire et enregistrer des informations . Certaines parties de ce site ne peuvent \u00eatre fonctionnelles sans l\u2019acceptation de cookies. Liens hypertextes : Les sites internet de peuvent offrir des liens vers d\u2019autres sites internet ou d\u2019autres ressources disponibles sur Internet. H\u00f4tel FLANELLES ne dispose d\u2019aucun moyen pour contr\u00f4ler les sites en connexion avec ses sites internet. ne r\u00e9pond pas de la disponibilit\u00e9 de tels sites et sources externes, ni ne la garantit. Elle ne peut \u00eatre tenue pour responsable de tout dommage, de quelque nature que ce soit, r\u00e9sultant du contenu de ces sites ou sources externes, et notamment des informations, produits ou services qu\u2019ils proposent, ou de tout usage qui peut \u00eatre fait de ces \u00e9l\u00e9ments. Les risques li\u00e9s \u00e0 cette utilisation incombent pleinement \u00e0 l\u2019internaute, qui doit se conformer \u00e0 leurs conditions d\u2019utilisation. Les utilisateurs, les abonn\u00e9s et les visiteurs des sites internet de ne peuvent mettre en place un hyperlien en direction de ce site sans l\u2019autorisation expresse et pr\u00e9alable de H\u00f4tel FLANELLES. Dans l\u2019hypoth\u00e8se o\u00f9 un utilisateur ou visiteur souhaiterait mettre en place un hyperlien en direction d\u2019un des sites internet de H\u00f4tel FLANELLES, il lui appartiendra d\u2019adresser un email accessible sur le site afin de formuler sa demande de mise en place d\u2019un hyperlien. H\u00f4tel FLANELLES se r\u00e9serve le droit d\u2019accepter ou de refuser un hyperlien sans avoir \u00e0 en justifier sa d\u00e9cision.<\/p>\n<p><br \/><strong>SERVICES FOURNIS<\/strong><\/p>\n<p><br \/>L\u2019ensemble des activit\u00e9s de la soci\u00e9t\u00e9 ainsi que ses informations sont pr\u00e9sent\u00e9s sur notre site https:\/\/hotelflanelles.fr\/. H\u00f4tel FLANELLES s\u2019efforce de fournir sur le site https:\/\/hotelflanelles.fr\/ des informations aussi pr\u00e9cises que possible. les renseignements figurant sur le site https:\/\/hotelflanelles.fr\/ ne sont pas exhaustifs et les photos non contractuelles. Ils sont donn\u00e9s sous r\u00e9serve de modifications ayant \u00e9t\u00e9 apport\u00e9es depuis leur mise en ligne. Par ailleurs, tous les informations indiqu\u00e9es sur le site https:\/\/hotelflanelles.fr\/ sont donn\u00e9es \u00e0 titre indicatif, et sont susceptibles de changer ou d\u2019\u00e9voluer sans pr\u00e9avis.<\/p>\n\t\t\t\t\t\t\t\t<\/div>\n\t\t\t\t<\/div>\n\t\t\t\t<\/div>\n\t\t\t\t\t<\/div>\n\t\t\t\t<\/div>\n\t\t\t\t<\/div>","protected":false},"excerpt":{"rendered":"<p>Mentions l\u00e9gales H\u00f4tel Paris gare du nord Merci de lire avec attention les diff\u00e9rentes modalit\u00e9s d\u2019utilisation du pr\u00e9sent site avant d\u2019y parcourir ses pages. En vous connectant sur ce site, vous acceptez sans r\u00e9serves les pr\u00e9sentes modalit\u00e9s. Aussi, conform\u00e9ment \u00e0 l\u2019article n\u00b06 de la Loi n\u00b02004-575 du 21 Juin 2004 pour la confiance dans l\u2019\u00e9conomie [&hellip;]<\/p>\n","protected":false},"author":1,"featured_media":0,"parent":0,"menu_order":0,"comment_status":"closed","ping_status":"closed","template":"","meta":{"_acf_changed":false,"footnotes":""},"class_list":["post-312","page","type-page","status-publish","hentry"],"acf":[],"yoast_head":"<!-- This site is optimized with the Yoast SEO plugin v27.4 - https:\/\/yoast.com\/product\/yoast-seo-wordpress\/ -->\n<title>Mentions l\u00e9gales | H\u00f4tel Flanelles Paris 10\u00e8me<\/title>\n<meta name=\"description\" content=\"Mentions l\u00e9gales | H\u00f4tel Flanelles Paris | Une escapade parisienne sur-mesure dans une demeure chic et branch\u00e9e. Bienvenue chez vous !\" \/>\n<meta name=\"robots\" content=\"noindex, follow\" \/>\n<meta property=\"og:locale\" content=\"de_DE\" \/>\n<meta property=\"og:type\" content=\"article\" \/>\n<meta property=\"og:title\" content=\"Mentions l\u00e9gales | H\u00f4tel Flanelles Paris 10\u00e8me\" \/>\n<meta property=\"og:description\" content=\"Mentions l\u00e9gales | H\u00f4tel Flanelles Paris | Une escapade parisienne sur-mesure dans une demeure chic et branch\u00e9e. Bienvenue chez vous !\" \/>\n<meta property=\"og:url\" content=\"https:\/\/hotelflanelles.fr\/de\/mentions-legales\/\" \/>\n<meta property=\"og:site_name\" content=\"H\u00f4tel Flanelles\" \/>\n<meta property=\"article:modified_time\" content=\"2023-10-17T09:18:17+00:00\" \/>\n<meta name=\"twitter:card\" content=\"summary_large_image\" \/>\n<meta name=\"twitter:label1\" content=\"Gesch\u00e4tzte Lesezeit\" \/>\n\t<meta name=\"twitter:data1\" content=\"4\u00a0Minuten\" \/>\n<script type=\"application\/ld+json\" class=\"yoast-schema-graph\">{\"@context\":\"https:\\\/\\\/schema.org\",\"@graph\":[{\"@type\":\"WebPage\",\"@id\":\"https:\\\/\\\/hotelflanelles.fr\\\/mentions-legales\\\/\",\"url\":\"https:\\\/\\\/hotelflanelles.fr\\\/mentions-legales\\\/\",\"name\":\"Mentions l\u00e9gales | H\u00f4tel Flanelles Paris 10\u00e8me\",\"isPartOf\":{\"@id\":\"https:\\\/\\\/hotelflanelles.fr\\\/#website\"},\"datePublished\":\"2023-03-21T10:48:18+00:00\",\"dateModified\":\"2023-10-17T09:18:17+00:00\",\"description\":\"Mentions l\u00e9gales | H\u00f4tel Flanelles Paris | Une escapade parisienne sur-mesure dans une demeure chic et branch\u00e9e. Bienvenue chez vous !\",\"breadcrumb\":{\"@id\":\"https:\\\/\\\/hotelflanelles.fr\\\/mentions-legales\\\/#breadcrumb\"},\"inLanguage\":\"de\",\"potentialAction\":[{\"@type\":\"ReadAction\",\"target\":[\"https:\\\/\\\/hotelflanelles.fr\\\/mentions-legales\\\/\"]}]},{\"@type\":\"BreadcrumbList\",\"@id\":\"https:\\\/\\\/hotelflanelles.fr\\\/mentions-legales\\\/#breadcrumb\",\"itemListElement\":[{\"@type\":\"ListItem\",\"position\":1,\"name\":\"Accueil\",\"item\":\"https:\\\/\\\/hotelflanelles.fr\\\/\"},{\"@type\":\"ListItem\",\"position\":2,\"name\":\"Mentions l\u00e9gales\"}]},{\"@type\":\"WebSite\",\"@id\":\"https:\\\/\\\/hotelflanelles.fr\\\/#website\",\"url\":\"https:\\\/\\\/hotelflanelles.fr\\\/\",\"name\":\"H\u00f4tel Flanelles\",\"description\":\"Ici les fl\u00e2neries sont \u00e0 demeure\",\"potentialAction\":[{\"@type\":\"SearchAction\",\"target\":{\"@type\":\"EntryPoint\",\"urlTemplate\":\"https:\\\/\\\/hotelflanelles.fr\\\/?s={search_term_string}\"},\"query-input\":{\"@type\":\"PropertyValueSpecification\",\"valueRequired\":true,\"valueName\":\"search_term_string\"}}],\"inLanguage\":\"de\"}]}<\/script>\n<!-- \/ Yoast SEO plugin. -->","yoast_head_json":{"title":"Mentions l\u00e9gales | H\u00f4tel Flanelles Paris 10\u00e8me","description":"Mentions l\u00e9gales | H\u00f4tel Flanelles Paris | Une escapade parisienne sur-mesure dans une demeure chic et branch\u00e9e. Bienvenue chez vous !","robots":{"index":"noindex","follow":"follow"},"og_locale":"de_DE","og_type":"article","og_title":"Mentions l\u00e9gales | H\u00f4tel Flanelles Paris 10\u00e8me","og_description":"Mentions l\u00e9gales | H\u00f4tel Flanelles Paris | Une escapade parisienne sur-mesure dans une demeure chic et branch\u00e9e. Bienvenue chez vous !","og_url":"https:\/\/hotelflanelles.fr\/de\/mentions-legales\/","og_site_name":"H\u00f4tel Flanelles","article_modified_time":"2023-10-17T09:18:17+00:00","twitter_card":"summary_large_image","twitter_misc":{"Gesch\u00e4tzte Lesezeit":"4\u00a0Minuten"},"schema":{"@context":"https:\/\/schema.org","@graph":[{"@type":"WebPage","@id":"https:\/\/hotelflanelles.fr\/mentions-legales\/","url":"https:\/\/hotelflanelles.fr\/mentions-legales\/","name":"Mentions l\u00e9gales | H\u00f4tel Flanelles Paris 10\u00e8me","isPartOf":{"@id":"https:\/\/hotelflanelles.fr\/#website"},"datePublished":"2023-03-21T10:48:18+00:00","dateModified":"2023-10-17T09:18:17+00:00","description":"Mentions l\u00e9gales | H\u00f4tel Flanelles Paris | Une escapade parisienne sur-mesure dans une demeure chic et branch\u00e9e. Bienvenue chez vous !","breadcrumb":{"@id":"https:\/\/hotelflanelles.fr\/mentions-legales\/#breadcrumb"},"inLanguage":"de","potentialAction":[{"@type":"ReadAction","target":["https:\/\/hotelflanelles.fr\/mentions-legales\/"]}]},{"@type":"BreadcrumbList","@id":"https:\/\/hotelflanelles.fr\/mentions-legales\/#breadcrumb","itemListElement":[{"@type":"ListItem","position":1,"name":"Accueil","item":"https:\/\/hotelflanelles.fr\/"},{"@type":"ListItem","position":2,"name":"Mentions l\u00e9gales"}]},{"@type":"WebSite","@id":"https:\/\/hotelflanelles.fr\/#website","url":"https:\/\/hotelflanelles.fr\/","name":"H\u00f4tel Flanelles","description":"Ici les fl\u00e2neries sont \u00e0 demeure","potentialAction":[{"@type":"SearchAction","target":{"@type":"EntryPoint","urlTemplate":"https:\/\/hotelflanelles.fr\/?s={search_term_string}"},"query-input":{"@type":"PropertyValueSpecification","valueRequired":true,"valueName":"search_term_string"}}],"inLanguage":"de"}]}},"_links":{"self":[{"href":"https:\/\/hotelflanelles.fr\/de\/wp-json\/wp\/v2\/pages\/312","targetHints":{"allow":["GET"]}}],"collection":[{"href":"https:\/\/hotelflanelles.fr\/de\/wp-json\/wp\/v2\/pages"}],"about":[{"href":"https:\/\/hotelflanelles.fr\/de\/wp-json\/wp\/v2\/types\/page"}],"author":[{"embeddable":true,"href":"https:\/\/hotelflanelles.fr\/de\/wp-json\/wp\/v2\/users\/1"}],"replies":[{"embeddable":true,"href":"https:\/\/hotelflanelles.fr\/de\/wp-json\/wp\/v2\/comments?post=312"}],"version-history":[{"count":26,"href":"https:\/\/hotelflanelles.fr\/de\/wp-json\/wp\/v2\/pages\/312\/revisions"}],"predecessor-version":[{"id":1621,"href":"https:\/\/hotelflanelles.fr\/de\/wp-json\/wp\/v2\/pages\/312\/revisions\/1621"}],"wp:attachment":[{"href":"https:\/\/hotelflanelles.fr\/de\/wp-json\/wp\/v2\/media?parent=312"}],"curies":[{"name":"wp","href":"https:\/\/api.w.org\/{rel}","templated":true}]}}